{"id":478,"date":"2018-10-30T16:37:31","date_gmt":"2018-10-30T16:37:31","guid":{"rendered":"https:\/\/osteopathie-goetze.de\/wordpress\/?page_id=478"},"modified":"2021-05-03T10:24:58","modified_gmt":"2021-05-03T10:24:58","slug":"anfahrt","status":"publish","type":"page","link":"https:\/\/www.osteopathie-goetze.de\/index.php\/anfahrt\/","title":{"rendered":"Anfahrt"},"content":{"rendered":"<p style=\"text-align: left;\">Die Praxis befindet sich in Altona, fu\u00dfl\u00e4ufig<br \/>\nlediglich 5 Minuten vom Altonaer Bahnhof entfernt.<br \/>\nSie liegt ruhig in Hochparterre.<\/p>\n<p style=\"text-align: left;\">Per HVV bis Haltestelle Altona:<br \/>\nS-Bahnlinien S1, 3 und 31<\/p>\n<p style=\"text-align: left;\">Buslinien 1, 2, 15, 20, 25, 37, 111, 112, 150, 183, 250, 283, 600, 601, 609 und 621<\/p>\n<p style=\"text-align: left;\">Per Auto:<br \/>\nParkpl\u00e4tze in den umliegenden Stra\u00dfen. Direkt vor der T\u00fcr ist das Parken geb\u00fchrenpflichtig.<\/p>\n<div id=\"mapdiv69d4db1ba729b3.14420747\" style=\"width:400px; height:300px;\"><\/div>\n\t\t\t<script type=\"text\/javascript\" src=\"https:\/\/www.osteopathie-goetze.de\/wp-content\/plugins\/embed-osm\/openlayers\/OpenLayers.js\"><\/script>\n\t\t\t<script type=\"text\/javascript\">\n\t\t\t\tOpenLayers.IMAGE_RELOAD_ATTEMPTS = 5;\n\t\t\t\tvar map = new OpenLayers.Map( \"mapdiv69d4db1ba729b3.14420747\" );\n\t\t\t\tmap.addLayer( new OpenLayers.Layer.OSM( \"\", [\"https:\/\/a.tile.openstreetmap.org\/${z}\/${x}\/${y}.png\",\n\t\t\"https:\/\/b.tile.openstreetmap.org\/${z}\/${x}\/${y}.png\",\n\t\t\"https:\/\/c.tile.openstreetmap.org\/${z}\/${x}\/${y}.png\"] ) );\n\t\t\t\tvar lonLat = new OpenLayers.LonLat( 9.93739 , 53.55002 ).transform(\n\t\t\t\t\tnew OpenLayers.Projection( \"EPSG:4326\" ),\n\t\t\t\t\tmap.getProjectionObject() );\n\t\t\t\tmap.setCenter( lonLat, 17 );var markers = new OpenLayers.Layer.Markers( \"Markers\" );\n\t\t\t\t\tmap.addLayer( markers );\n\t\t\t\t\tvar mkIcon = new OpenLayers.Icon( \"https:\/\/www.osteopathie-goetze.de\/wp-content\/plugins\/embed-osm\/openlayers\/img\/marker.png\", { w: 21, h: 25 }, { x: -10.5, y: -25 } );\n\t\t\t\t\tvar marker = new OpenLayers.Marker( lonLat, mkIcon );\n\t\t\t\t\tmarkers.addMarker( marker );<\/script><small>\n\t\t\t\t<a href=\"http:\/\/www.openstreetmap.org\/?mlat=53.55002&amp;mlon=9.93739#map=17\/53.55002\/9.93739\" target=\"_blank\">View Larger Map<\/a>\n\t\t\t\t<\/small>\n","protected":false},"excerpt":{"rendered":"<p style=\"text-align: left;\">Die Praxis befindet sich in Altona, fu\u00dfl\u00e4ufig<br \/>\nlediglich 5 Minuten vom Altonaer Bahnhof entfernt.<br \/>\nSie liegt ruhig in Hochparterre.<\/p>\n<p style=\"text-align: ... \n\n","protected":false},"author":1,"featured_media":0,"parent":0,"menu_order":0,"comment_status":"closed","ping_status":"closed","template":"","meta":[],"_links":{"self":[{"href":"https:\/\/www.osteopathie-goetze.de\/index.php\/wp-json\/wp\/v2\/pages\/478"}],"collection":[{"href":"https:\/\/www.osteopathie-goetze.de\/index.php\/wp-json\/wp\/v2\/pages"}],"about":[{"href":"https:\/\/www.osteopathie-goetze.de\/index.php\/wp-json\/wp\/v2\/types\/page"}],"author":[{"embeddable":true,"href":"https:\/\/www.osteopathie-goetze.de\/index.php\/wp-json\/wp\/v2\/users\/1"}],"replies":[{"embeddable":true,"href":"https:\/\/www.osteopathie-goetze.de\/index.php\/wp-json\/wp\/v2\/comments?post=478"}],"version-history":[{"count":10,"href":"https:\/\/www.osteopathie-goetze.de\/index.php\/wp-json\/wp\/v2\/pages\/478\/revisions"}],"predecessor-version":[{"id":978,"href":"https:\/\/www.osteopathie-goetze.de\/index.php\/wp-json\/wp\/v2\/pages\/478\/revisions\/978"}],"wp:attachment":[{"href":"https:\/\/www.osteopathie-goetze.de\/index.php\/wp-json\/wp\/v2\/media?parent=478"}],"curies":[{"name":"wp","href":"https:\/\/api.w.org\/{rel}","templated":true}]}}