{"id":42,"date":"2018-10-19T08:30:26","date_gmt":"2018-10-19T08:30:26","guid":{"rendered":"http:\/\/localhost\/osteopathie-goetze.de\/?page_id=42"},"modified":"2020-08-16T15:15:09","modified_gmt":"2020-08-16T15:15:09","slug":"impressum","status":"publish","type":"page","link":"https:\/\/www.osteopathie-goetze.de\/index.php\/impressum\/","title":{"rendered":"Impressum"},"content":{"rendered":"<p style=\"text-align: left;\"><strong>Name und Anschrift des Dienste-Anbieters <\/strong><br \/>\nOsteopathie Irena Goetze<br \/>\nDr. Sportwiss. Irena Goetze<br \/>\nEhrenbergstr. 59, <br class=\"clear\" \/>22767 Hamburg<\/p>\n<p style=\"text-align: left;\"><strong>Kontakt:<\/strong><br \/>\nTelefon: 0179 4319931<br \/>\nEmail: alot@osteopathie-goetze.de<br \/>\nHomepage: www.osteopathie-goetze.de<\/p>\n<p style=\"text-align: left;\"><strong>Berufsrechtliche Angaben<\/strong><br \/>\nDie Berufsbezeichnung lautet Heilpraktiker (Deutschland). Die berufsrechtliche Regelung bildet das Gesetz \u00fcber die berufsm\u00e4\u00dfige Aus\u00fcbung der Heilkunde ohne Bestallung (Heilpraktikergesetz) vom 17.02.1939, ge\u00e4ndert durch Art. 53 des EGStGB vom 02.03.1974 (BGBl. I S. 469) und kann unter www.gesetze-iminternet.de unter Stichwort\/Titelsuche \u201eHeilpraktikergesetz\u201c eingesehen werden.<\/p>\n<p style=\"text-align: left;\">Die zust\u00e4ndige Aufsichtsbeh\u00f6rde ist das Gesundheitsamt Altona, Bahrenfelder Stra\u00dfe 254-260, 22765 Hamburg.<\/p>\n<p style=\"text-align: left;\"><strong>Haftungshinweis <\/strong><br \/>\nDiese Internetpr\u00e4senz dient ausschlie\u00dflich der allgemeinen Information. Sie kann und will keine gesundheitliche Beratung oder Behandlung ersetzen, da diese individuell und nach ausf\u00fchrlicher Untersuchung erfolgen m\u00fcssen. Die Inhalte dieser Website wurden sorgf\u00e4ltig gepr\u00fcft und nach bestem Wissen erstellt. Dennoch kann f\u00fcr die hier angebotenen Informationen kein Anspruch auf Vollst\u00e4ndigkeit, Aktualit\u00e4t, Qualit\u00e4t und Richtigkeit erhoben werden. Es kann dar\u00fcber hinaus keine Verantwortung f\u00fcr Sch\u00e4den \u00fcbernommen werden, die durch das Vertrauen auf die Inhalte dieser Website oder deren Gebrauch entsteht. Trotz sorgf\u00e4ltiger inhaltlicher Kontrolle vor Linksetzung \u00fcbernehmen wir keine Haftung f\u00fcr die Inhalte externer Links. F\u00fcr den Inhalt der verlinkten Seiten sind ausschlie\u00dflich deren Betreiber verantwortlich.<\/p>\n<p style=\"text-align: left;\"><strong>Urheberrecht <\/strong><br \/>\nDas Urheberrecht f\u00fcr alle Inhalte dieser Website liegt bei Irena Goetze. Die visuelle und technische Umsetzung nach Anlieferung der Inhalte erfolgte durch Norman B\u00f6ttger, Design f\u00fcr Druck &amp; Web in Bremen.<\/p>\n<p style=\"text-align: left;\"><strong>Inhaltlich Verantwortlicher <\/strong><br \/>\nIrena Goetze<br \/>\nEhrenbergstr. 59<br \/>\n22767 Hamburg<\/p>\n<p style=\"text-align: left;\"><strong>Datenschutz<\/strong><br \/>\n<a href=\"..\/datenschutz\">Zur Datenschutzregelung<\/a><\/p>\n<p style=\"text-align: left;\"><strong>Ansprechpartner f\u00fcr den Datenschutz<br \/>\n<\/strong>Irena Goetze<\/p>\n","protected":false},"excerpt":{"rendered":"<p style=\"text-align: left;\">Name und Anschrift des Dienste-Anbieters<br \/>\nOsteopathie Irena Goetze<br \/>\nDr. Sportwiss. Irena Goetze<br \/>\nEhrenbergstr. 59, 22767 Hamburg<\/p>\n<p style=\"text-align: left;\">Kontakt:<br \/>\nTelefon: 0179 4319931<br \/>\nEmail: &#8230;<\/p>\n","protected":false},"author":1,"featured_media":0,"parent":0,"menu_order":0,"comment_status":"closed","ping_status":"closed","template":"","meta":[],"_links":{"self":[{"href":"https:\/\/www.osteopathie-goetze.de\/index.php\/wp-json\/wp\/v2\/pages\/42"}],"collection":[{"href":"https:\/\/www.osteopathie-goetze.de\/index.php\/wp-json\/wp\/v2\/pages"}],"about":[{"href":"https:\/\/www.osteopathie-goetze.de\/index.php\/wp-json\/wp\/v2\/types\/page"}],"author":[{"embeddable":true,"href":"https:\/\/www.osteopathie-goetze.de\/index.php\/wp-json\/wp\/v2\/users\/1"}],"replies":[{"embeddable":true,"href":"https:\/\/www.osteopathie-goetze.de\/index.php\/wp-json\/wp\/v2\/comments?post=42"}],"version-history":[{"count":10,"href":"https:\/\/www.osteopathie-goetze.de\/index.php\/wp-json\/wp\/v2\/pages\/42\/revisions"}],"predecessor-version":[{"id":971,"href":"https:\/\/www.osteopathie-goetze.de\/index.php\/wp-json\/wp\/v2\/pages\/42\/revisions\/971"}],"wp:attachment":[{"href":"https:\/\/www.osteopathie-goetze.de\/index.php\/wp-json\/wp\/v2\/media?parent=42"}],"curies":[{"name":"wp","href":"https:\/\/api.w.org\/{rel}","templated":true}]}}