{"id":369,"date":"2018-10-30T10:49:27","date_gmt":"2018-10-30T10:49:27","guid":{"rendered":"https:\/\/osteopathie-goetze.de\/wordpress\/?page_id=369"},"modified":"2021-05-03T11:24:51","modified_gmt":"2021-05-03T11:24:51","slug":"erwachsene","status":"publish","type":"page","link":"https:\/\/www.osteopathie-goetze.de\/index.php\/osteopathie\/erwachsene\/","title":{"rendered":"Behandlungsschwerpunkte Erwachsene"},"content":{"rendered":"<p>Durch Einschr\u00e4nkungen der Beweglichkeit kann es am St\u00fctz- und Bewegungsapparat (parietales System) zu Beschwerden wie R\u00fccken-, H\u00fcft- oder Kniebeschwerden kommen. Beschwerden im Schulter- und Nackenbereich sind typisch bei einer andauernden PC-Haltung oder auch viel Stress. Weitere h\u00e4ufige Beschwerdebilder in der Praxis sind Entz\u00fcndungen der Achillessehne sowie Tennis- und Golfellenbogen. Beschwerden wie Sodbrennen, V\u00f6llegef\u00fchle, Verstopfung oder Durchfall, aber auch Harnwegs-, Menstruations-, Hormon- und Atemprobleme k\u00f6nnen ihre Ursache in einer funktionellen Beeintr\u00e4chtigung der Organe haben und bietet die M\u00f6glichkeit eines osteopathischen (viszeralen) Behandlungsansatzes.<br \/>\nIm Bereich von Sch\u00e4del, Wirbels\u00e4ule (R\u00fcckenmark) und Kreuzbein (craniosakrale Osteopathie) k\u00f6nnen Dysfunktionen zu Symptomen wie Kopfschmerzen, Migr\u00e4ne und Tinnitus f\u00fchren. Auch Kiefergelenksproblematiken sowie M\u00fcdigkeits- und Ersch\u00f6pfungszust\u00e4nde k\u00f6nnen durch Dysfunktionen in diesen Bereichen auftreten.<\/p>\n<p style=\"text-align: left;\">Aus rechtlichen Gr\u00fcnden wird darauf hingewiesen, dass in der Benennung der beispielhaft aufgef\u00fchrten Anwendungsgebiete kein Heilversprechen oder die Garantie einer Linderung oder Verbesserung der aufgef\u00fchrten Krankheitsbilder gegeben wird. Es wird empfohlen mit Ihren Beschwerden zun\u00e4chst einen Arzt zu konsultieren, bevor sie sich osteopathisch behandeln lassen.<\/p>\n","protected":false},"excerpt":{"rendered":"<p>Durch Einschr\u00e4nkungen der Beweglichkeit kann es am St\u00fctz- und Bewegungsapparat (parietales System) zu Beschwerden wie R\u00fccken-, H\u00fcft- oder Kniebeschwerden kommen. &#8230;<\/p>\n","protected":false},"author":1,"featured_media":0,"parent":33,"menu_order":0,"comment_status":"closed","ping_status":"closed","template":"","meta":[],"_links":{"self":[{"href":"https:\/\/www.osteopathie-goetze.de\/index.php\/wp-json\/wp\/v2\/pages\/369"}],"collection":[{"href":"https:\/\/www.osteopathie-goetze.de\/index.php\/wp-json\/wp\/v2\/pages"}],"about":[{"href":"https:\/\/www.osteopathie-goetze.de\/index.php\/wp-json\/wp\/v2\/types\/page"}],"author":[{"embeddable":true,"href":"https:\/\/www.osteopathie-goetze.de\/index.php\/wp-json\/wp\/v2\/users\/1"}],"replies":[{"embeddable":true,"href":"https:\/\/www.osteopathie-goetze.de\/index.php\/wp-json\/wp\/v2\/comments?post=369"}],"version-history":[{"count":10,"href":"https:\/\/www.osteopathie-goetze.de\/index.php\/wp-json\/wp\/v2\/pages\/369\/revisions"}],"predecessor-version":[{"id":1011,"href":"https:\/\/www.osteopathie-goetze.de\/index.php\/wp-json\/wp\/v2\/pages\/369\/revisions\/1011"}],"up":[{"embeddable":true,"href":"https:\/\/www.osteopathie-goetze.de\/index.php\/wp-json\/wp\/v2\/pages\/33"}],"wp:attachment":[{"href":"https:\/\/www.osteopathie-goetze.de\/index.php\/wp-json\/wp\/v2\/media?parent=369"}],"curies":[{"name":"wp","href":"https:\/\/api.w.org\/{rel}","templated":true}]}}