{"id":33,"date":"2018-10-19T08:19:34","date_gmt":"2018-10-19T08:19:34","guid":{"rendered":"http:\/\/localhost\/osteopathie-goetze.de\/?page_id=33"},"modified":"2021-05-03T11:13:42","modified_gmt":"2021-05-03T11:13:42","slug":"osteopathie","status":"publish","type":"page","link":"https:\/\/www.osteopathie-goetze.de\/index.php\/osteopathie\/","title":{"rendered":"Osteopathie"},"content":{"rendered":"<p style=\"text-align: left;\">Die Osteopathie ist eine ganzheitliche Behandlungsform, die bei einer Vielzahl von Beschwerden anwendbar ist. Sie ist sowohl f\u00fcr Babys, Kinder und Erwachsene, als auch f\u00fcr Schwangere und Sportler geeignet.<\/p>\n<p style=\"text-align: left;\">Durch sanftes Tasten (Palpieren) wird der Bewegungsapparat nach Bewegungseinschr\u00e4nkungen und Spannungsmustern untersucht, die der Patient durch Krankheiten, Fehlhaltungen oder Traumen in seinem Leben erworben hat. Durch l\u00f6sen dieser, werden die Selbstregulationskr\u00e4fte im K\u00f6rper unterst\u00fctzt und K\u00f6rperfl\u00fcssigkeiten, wie Blut, Lymphe (Gewebsfl\u00fcssigkeit) und Liquor cerebrospinalis (Gehirn-R\u00fcckenmarksfl\u00fcssigkeit) k\u00f6nnen besser zirkulieren.<\/p>\n<p style=\"text-align: left;\">Das Gehirn, die Nervenbahnen, die Organe und der Bewegungsapparat werden hierdurch optimal versorgt. Somit ist die Osteopathie auch in der Pr\u00e4vention ein wichtiges Behandlungskonzept, um z.B. Arthrosen durch eine Behebung der Unterversorgung des Gelenks entgegenzuwirken.<\/p>\n<p style=\"text-align: left;\">In einer Behandlung werden drei Bereiche ber\u00fccksichtigt, die als funktionelle Einheit fungieren und somit nicht voneinander getrennt betrachtet werden k\u00f6nnen:<\/p>\n<ul style=\"padding-left: 20px;\">\n<li style=\"text-align: left;\">Der Bewegungs- und St\u00fctzapparat (parietales System)<\/li>\n<li style=\"text-align: left;\">Das Organsystem (viszerales System)<\/li>\n<li style=\"text-align: left;\">Das Nervensystem inkl. Sch\u00e4del, Wirbels\u00e4ule und Kreuzbein (kraniosakrales System)<\/li>\n<\/ul>\n","protected":false},"excerpt":{"rendered":"<p style=\"text-align: left;\">Die Osteopathie ist eine ganzheitliche Behandlungsform, die bei einer Vielzahl von Beschwerden anwendbar ist. Sie ist sowohl f\u00fcr &#8230;<\/p>\n","protected":false},"author":1,"featured_media":0,"parent":0,"menu_order":0,"comment_status":"closed","ping_status":"closed","template":"","meta":[],"_links":{"self":[{"href":"https:\/\/www.osteopathie-goetze.de\/index.php\/wp-json\/wp\/v2\/pages\/33"}],"collection":[{"href":"https:\/\/www.osteopathie-goetze.de\/index.php\/wp-json\/wp\/v2\/pages"}],"about":[{"href":"https:\/\/www.osteopathie-goetze.de\/index.php\/wp-json\/wp\/v2\/types\/page"}],"author":[{"embeddable":true,"href":"https:\/\/www.osteopathie-goetze.de\/index.php\/wp-json\/wp\/v2\/users\/1"}],"replies":[{"embeddable":true,"href":"https:\/\/www.osteopathie-goetze.de\/index.php\/wp-json\/wp\/v2\/comments?post=33"}],"version-history":[{"count":11,"href":"https:\/\/www.osteopathie-goetze.de\/index.php\/wp-json\/wp\/v2\/pages\/33\/revisions"}],"predecessor-version":[{"id":1004,"href":"https:\/\/www.osteopathie-goetze.de\/index.php\/wp-json\/wp\/v2\/pages\/33\/revisions\/1004"}],"wp:attachment":[{"href":"https:\/\/www.osteopathie-goetze.de\/index.php\/wp-json\/wp\/v2\/media?parent=33"}],"curies":[{"name":"wp","href":"https:\/\/api.w.org\/{rel}","templated":true}]}}