{"id":267,"date":"2018-10-28T20:09:35","date_gmt":"2018-10-28T20:09:35","guid":{"rendered":"https:\/\/osteopathie-goetze.de\/wordpress\/?page_id=267"},"modified":"2021-05-03T11:47:49","modified_gmt":"2021-05-03T11:47:49","slug":"behandlung","status":"publish","type":"page","link":"https:\/\/www.osteopathie-goetze.de\/index.php\/behandlung\/","title":{"rendered":"Behandlung"},"content":{"rendered":"<p style=\"text-align: left;\">Jeder Mensch ist sehr individuell, deswegen auch jede Behandlung. Der erste Behandlungstermin beinhaltet eine umfassende Anamnese durch ein pers\u00f6nliches Gespr\u00e4ch. Hierauf folgen eine eingehende k\u00f6rperliche Untersuchung und eine daraus resultierende individuelle Behandlung. Bei der Behandlung k\u00f6nnen sowohl sehr sanfte, kaum sp\u00fcrbare Techniken, als auch intensivere Techniken, wie Manipulationen, zum Einsatz. Bei S\u00e4uglingen und Kleinkindern kommen lediglich die sanften Techniken zum Einsatz.<\/p>\n","protected":false},"excerpt":{"rendered":"<p style=\"text-align: left;\">Jeder Mensch ist sehr individuell, deswegen auch jede Behandlung. Der erste Behandlungstermin beinhaltet eine umfassende Anamnese durch ein &#8230;<\/p>\n","protected":false},"author":1,"featured_media":0,"parent":0,"menu_order":0,"comment_status":"closed","ping_status":"closed","template":"","meta":[],"_links":{"self":[{"href":"https:\/\/www.osteopathie-goetze.de\/index.php\/wp-json\/wp\/v2\/pages\/267"}],"collection":[{"href":"https:\/\/www.osteopathie-goetze.de\/index.php\/wp-json\/wp\/v2\/pages"}],"about":[{"href":"https:\/\/www.osteopathie-goetze.de\/index.php\/wp-json\/wp\/v2\/types\/page"}],"author":[{"embeddable":true,"href":"https:\/\/www.osteopathie-goetze.de\/index.php\/wp-json\/wp\/v2\/users\/1"}],"replies":[{"embeddable":true,"href":"https:\/\/www.osteopathie-goetze.de\/index.php\/wp-json\/wp\/v2\/comments?post=267"}],"version-history":[{"count":3,"href":"https:\/\/www.osteopathie-goetze.de\/index.php\/wp-json\/wp\/v2\/pages\/267\/revisions"}],"predecessor-version":[{"id":1021,"href":"https:\/\/www.osteopathie-goetze.de\/index.php\/wp-json\/wp\/v2\/pages\/267\/revisions\/1021"}],"wp:attachment":[{"href":"https:\/\/www.osteopathie-goetze.de\/index.php\/wp-json\/wp\/v2\/media?parent=267"}],"curies":[{"name":"wp","href":"https:\/\/api.w.org\/{rel}","templated":true}]}}