{"id":242,"date":"2018-10-28T15:51:42","date_gmt":"2018-10-28T15:51:42","guid":{"rendered":"https:\/\/osteopathie-goetze.de\/wordpress\/?page_id=242"},"modified":"2026-03-11T14:07:23","modified_gmt":"2026-03-11T12:07:23","slug":"kosten","status":"publish","type":"page","link":"https:\/\/www.osteopathie-goetze.de\/index.php\/behandlung\/kosten\/","title":{"rendered":"Kosten"},"content":{"rendered":"<p class=\"western\" style=\"text-align: left;\">Die Kosten belaufen sich auf 150,00\u20ac f\u00fcr eine Erstbehandlung (ca. 75 Min. inkl. Anamnese) und 120,00\u20ac f\u00fcr jede Folgebehandlung (45-55 Min). Private Krankenkassen, die Beihilfe und die Heilf\u00fcrsorge erstatten in der Regel die Kosten f\u00fcr osteopathische Behandlungen. Dies ist abh\u00e4ngig von Ihrem Vertrag. Die Abrechnung erfolgt nach der Geb\u00fchrenverordnung f\u00fcr Heilpraktiker. Auch viele gesetzliche Krankenkassen bezuschussen mittlerweile die Kosten. Erkundigen Sie sich hierzu bitte bei Ihrer Krankenkasse oder im Internet.<\/p>\n<p class=\"western\" style=\"text-align: left;\">Lesen Sie hier die Konditionen Ihres Versicherers nach: <br class=\"clear\" \/><span style=\"color: #0563c1; letter-spacing: normal;\"><u><a href=\"http:\/\/www.osteopathie-krankenkasse.de\/kostenuebernahme\/\">www.osteopathie-krankenkasse.de<\/a><\/u><\/span> oder <br class=\"clear\" \/><span style=\"color: #0563c1; letter-spacing: normal;\"><u><a href=\"https:\/\/www.osteokompass.de\/patienteninfo-krankenkassen----9\">www.osteokompass.de<\/a><\/u><\/span><\/p>\n<p class=\"western\" style=\"text-align: left;\">Bei etwaigen Fragen helfe ich Ihnen nat\u00fcrlich gerne. Sollten die Kosten eine H\u00fcrde aufgrund Ihrer finanziellen Situation darstellen, wenden Sie sich bitte an mich.<\/p>\n<p class=\"western\" style=\"text-align: left;\">Ich bin Mitglied bei der Bundesarbeitsgemeinschaft Osteopathie e.V. (BAO): <br class=\"clear\" \/><span style=\"color: #0563c1; letter-spacing: normal;\"><u><a href=\"https:\/\/www.bao-osteopathie.de\/\">www.bv-osteopathie.de<\/a><\/u><\/span><\/p>\n","protected":false},"excerpt":{"rendered":"<p class=\"western\" style=\"text-align: left;\">Die Kosten belaufen sich auf 150,00\u20ac f\u00fcr eine Erstbehandlung (ca. 75 Min. inkl. Anamnese) und 120,00\u20ac f\u00fcr &#8230;<\/p>\n","protected":false},"author":1,"featured_media":0,"parent":267,"menu_order":0,"comment_status":"closed","ping_status":"closed","template":"","meta":[],"_links":{"self":[{"href":"https:\/\/www.osteopathie-goetze.de\/index.php\/wp-json\/wp\/v2\/pages\/242"}],"collection":[{"href":"https:\/\/www.osteopathie-goetze.de\/index.php\/wp-json\/wp\/v2\/pages"}],"about":[{"href":"https:\/\/www.osteopathie-goetze.de\/index.php\/wp-json\/wp\/v2\/types\/page"}],"author":[{"embeddable":true,"href":"https:\/\/www.osteopathie-goetze.de\/index.php\/wp-json\/wp\/v2\/users\/1"}],"replies":[{"embeddable":true,"href":"https:\/\/www.osteopathie-goetze.de\/index.php\/wp-json\/wp\/v2\/comments?post=242"}],"version-history":[{"count":10,"href":"https:\/\/www.osteopathie-goetze.de\/index.php\/wp-json\/wp\/v2\/pages\/242\/revisions"}],"predecessor-version":[{"id":1150,"href":"https:\/\/www.osteopathie-goetze.de\/index.php\/wp-json\/wp\/v2\/pages\/242\/revisions\/1150"}],"up":[{"embeddable":true,"href":"https:\/\/www.osteopathie-goetze.de\/index.php\/wp-json\/wp\/v2\/pages\/267"}],"wp:attachment":[{"href":"https:\/\/www.osteopathie-goetze.de\/index.php\/wp-json\/wp\/v2\/media?parent=242"}],"curies":[{"name":"wp","href":"https:\/\/api.w.org\/{rel}","templated":true}]}}