{"id":229,"date":"2018-10-28T15:45:18","date_gmt":"2018-10-28T15:45:18","guid":{"rendered":"https:\/\/osteopathie-goetze.de\/wordpress\/?page_id=229"},"modified":"2021-05-03T11:23:34","modified_gmt":"2021-05-03T11:23:34","slug":"babys","status":"publish","type":"page","link":"https:\/\/www.osteopathie-goetze.de\/index.php\/osteopathie\/babys\/","title":{"rendered":"Behandlungsschwerpunkte Babys"},"content":{"rendered":"<p>Durch eine ung\u00fcnstige Lage im Mutterleib vor oder w\u00e4hrend der Geburt, ung\u00fcnstige Einwirkung auf den Sch\u00e4del des S\u00e4uglings im Geburtskanal (auch Saugglockengeburten), Stagnation des Geburtsvorgangs oder einen Kaiserschnitt besteht die M\u00f6glichkeit, dass nach der Geburt verschiedene Probleme auftreten.<br \/>\nTrinkprobleme in Form von Saugst\u00f6rungen oder Schluckproblemen k\u00f6nnen eine m\u00f6gliche Folge sein, die das Gedeihen und den durch das Stillen entstehenden Nestschutz des Babys beeintr\u00e4chtigen k\u00f6nnen.<br \/>\nDreimonatskoliken finden ihre Ursache h\u00e4ufig in der physiologischen Umstellung des Darms. Dies kann sich durch \u00fcberm\u00e4\u00dfiges Schreien, vermehrte Unruhe oder ein sich kr\u00fcmmender S\u00e4ugling bemerkbar machen.<br \/>\nAuch k\u00f6nnen sogenannte Zwangshaltungen oder Vorzugshaltungen entstehen, bei denen das Baby den Kopf einseitig h\u00e4lt (eine Schokoladenseite hat) und dies oft mit einer fixierten \u00dcberstreckung einhergeht. Auf Dauer kann dies durch die noch weichen Sch\u00e4delknochen zu Deformit\u00e4ten des Sch\u00e4dels f\u00fchren.<br \/>\nAll die oben aufgef\u00fchrten Symptome k\u00f6nnen bei Babys zu Schlafst\u00f6rungen und\/oder \u00fcberm\u00e4\u00dfigem Schreien f\u00fchren. Im Praxisalltag konnten durch osteopathische Anwendungen positive Verl\u00e4ufe beobachtet werden.<\/p>\n<p class=\"western\" style=\"text-align: left;\">Aus rechtlichen Gr\u00fcnden wird darauf hingewiesen, dass in der Benennung der beispielhaft aufgef\u00fchrten Anwendungsgebiete kein Heilversprechen oder die Garantie einer Linderung oder Verbesserung der aufgef\u00fchrten Krankheitsbilder gegeben wird.&nbsp;Es wird empfohlen mit Ihren Beschwerden zun\u00e4chst einen Arzt zu konsultieren, bevor sie sich osteopathisch behandeln lassen.<\/p>\n","protected":false},"excerpt":{"rendered":"<p>Durch eine ung\u00fcnstige Lage im Mutterleib vor oder w\u00e4hrend der Geburt, ung\u00fcnstige Einwirkung auf den Sch\u00e4del des S\u00e4uglings im Geburtskanal &#8230;<\/p>\n","protected":false},"author":1,"featured_media":0,"parent":33,"menu_order":0,"comment_status":"closed","ping_status":"closed","template":"","meta":[],"_links":{"self":[{"href":"https:\/\/www.osteopathie-goetze.de\/index.php\/wp-json\/wp\/v2\/pages\/229"}],"collection":[{"href":"https:\/\/www.osteopathie-goetze.de\/index.php\/wp-json\/wp\/v2\/pages"}],"about":[{"href":"https:\/\/www.osteopathie-goetze.de\/index.php\/wp-json\/wp\/v2\/types\/page"}],"author":[{"embeddable":true,"href":"https:\/\/www.osteopathie-goetze.de\/index.php\/wp-json\/wp\/v2\/users\/1"}],"replies":[{"embeddable":true,"href":"https:\/\/www.osteopathie-goetze.de\/index.php\/wp-json\/wp\/v2\/comments?post=229"}],"version-history":[{"count":11,"href":"https:\/\/www.osteopathie-goetze.de\/index.php\/wp-json\/wp\/v2\/pages\/229\/revisions"}],"predecessor-version":[{"id":1010,"href":"https:\/\/www.osteopathie-goetze.de\/index.php\/wp-json\/wp\/v2\/pages\/229\/revisions\/1010"}],"up":[{"embeddable":true,"href":"https:\/\/www.osteopathie-goetze.de\/index.php\/wp-json\/wp\/v2\/pages\/33"}],"wp:attachment":[{"href":"https:\/\/www.osteopathie-goetze.de\/index.php\/wp-json\/wp\/v2\/media?parent=229"}],"curies":[{"name":"wp","href":"https:\/\/api.w.org\/{rel}","templated":true}]}}